{"id":80,"date":"2024-12-24T17:04:43","date_gmt":"2024-12-24T16:04:43","guid":{"rendered":"https:\/\/unicov.pravoslavi.cz\/?page_id=80"},"modified":"2024-12-24T17:33:55","modified_gmt":"2024-12-24T16:33:55","slug":"bohosluzby-stepanov","status":"publish","type":"page","link":"https:\/\/unicov.pravoslavi.cz\/?page_id=80","title":{"rendered":"Bohoslu\u017eby \u0160t\u011bp\u00e1nov"},"content":{"rendered":"\n<p><strong>Bohoslu\u017eby se konaj\u00ed v chr\u00e1mu sv. Prokopa S\u00e1zavsk\u00e9ho, kter\u00fd se nach\u00e1z\u00ed v centru m\u011bsta \u0160t\u011bp\u00e1nov na ulici Pravoslavn\u00e1, v\u017edy ka\u017edou ned\u011bli\u00a0<\/strong>a vybran\u00e9 sv\u00e1tky.\u00a0<strong>Za\u010d\u00e1tek je v\u017edy v 8.30 hod.,\u00a0<\/strong>pokud nen\u00ed uvedeno jinak. Aktu\u00e1ln\u00ed informace se nach\u00e1zej\u00ed ve v\u00fdv\u011bsce um\u00edst\u011bn\u00e9 u chr\u00e1mu. <\/p>\n\n\n\n<figure class=\"wp-block-image size-large is-style-rounded\"><img loading=\"lazy\" width=\"752\" height=\"600\" src=\"https:\/\/unicov.pravoslavi.cz\/wp-content\/uploads\/2024\/12\/stepanov-1.jpg\" alt=\"\" class=\"wp-image-88\" srcset=\"https:\/\/unicov.pravoslavi.cz\/wp-content\/uploads\/2024\/12\/stepanov-1.jpg 752w, https:\/\/unicov.pravoslavi.cz\/wp-content\/uploads\/2024\/12\/stepanov-1-400x319.jpg 400w, https:\/\/unicov.pravoslavi.cz\/wp-content\/uploads\/2024\/12\/stepanov-1-624x498.jpg 624w\" sizes=\"(max-width: 752px) 100vw, 752px\" \/><\/figure>\n","protected":false},"excerpt":{"rendered":"<p>Bohoslu\u017eby se konaj\u00ed v chr\u00e1mu sv. Prokopa S\u00e1zavsk\u00e9ho, kter\u00fd se nach\u00e1z\u00ed v centru m\u011bsta \u0160t\u011bp\u00e1nov na ulici Pravoslavn\u00e1, v\u017edy ka\u017edou ned\u011bli\u00a0a vybran\u00e9 sv\u00e1tky.\u00a0Za\u010d\u00e1tek je v\u017edy v 8.30 hod.,\u00a0pokud nen\u00ed uvedeno jinak. Aktu\u00e1ln\u00ed informace se nach\u00e1zej\u00ed ve v\u00fdv\u011bsce um\u00edst\u011bn\u00e9 u chr\u00e1mu.<\/p>\n","protected":false},"author":2,"featured_media":0,"parent":0,"menu_order":0,"comment_status":"closed","ping_status":"closed","template":"","meta":{"ngg_post_thumbnail":0},"_links":{"self":[{"href":"https:\/\/unicov.pravoslavi.cz\/index.php?rest_route=\/wp\/v2\/pages\/80"}],"collection":[{"href":"https:\/\/unicov.pravoslavi.cz\/index.php?rest_route=\/wp\/v2\/pages"}],"about":[{"href":"https:\/\/unicov.pravoslavi.cz\/index.php?rest_route=\/wp\/v2\/types\/page"}],"author":[{"embeddable":true,"href":"https:\/\/unicov.pravoslavi.cz\/index.php?rest_route=\/wp\/v2\/users\/2"}],"replies":[{"embeddable":true,"href":"https:\/\/unicov.pravoslavi.cz\/index.php?rest_route=%2Fwp%2Fv2%2Fcomments&post=80"}],"version-history":[{"count":7,"href":"https:\/\/unicov.pravoslavi.cz\/index.php?rest_route=\/wp\/v2\/pages\/80\/revisions"}],"predecessor-version":[{"id":91,"href":"https:\/\/unicov.pravoslavi.cz\/index.php?rest_route=\/wp\/v2\/pages\/80\/revisions\/91"}],"wp:attachment":[{"href":"https:\/\/unicov.pravoslavi.cz\/index.php?rest_route=%2Fwp%2Fv2%2Fmedia&parent=80"}],"curies":[{"name":"wp","href":"https:\/\/api.w.org\/{rel}","templated":true}]}}